{"id":1006,"date":"2024-09-03T20:40:43","date_gmt":"2024-09-03T18:40:43","guid":{"rendered":"https:\/\/gwiszcz.pl\/karolina\/?page_id=1006"},"modified":"2024-10-26T16:23:06","modified_gmt":"2024-10-26T14:23:06","slug":"o-mnie","status":"publish","type":"page","link":"http:\/\/gwiszcz.pl\/karolina\/o-mnie\/","title":{"rendered":"O mnie"},"content":{"rendered":"\t\t<div data-elementor-type=\"wp-page\" data-elementor-id=\"1006\" class=\"elementor elementor-1006\">\n\t\t\t\t\t\t<section class=\"elementor-section elementor-top-section elementor-element elementor-element-f9d52db elementor-section-boxed elementor-section-height-default elementor-section-height-default\" data-id=\"f9d52db\" data-element_type=\"section\">\n\t\t\t\t\t\t<div class=\"elementor-container elementor-column-gap-default\">\n\t\t\t\t\t<div class=\"elementor-column elementor-col-100 elementor-top-column elementor-element elementor-element-53afdea\" data-id=\"53afdea\" data-element_type=\"column\">\n\t\t\t<div class=\"elementor-widget-wrap\">\n\t\t\t\t\t\t\t<\/div>\n\t\t<\/div>\n\t\t\t\t\t<\/div>\n\t\t<\/section>\n\t\t\t\t<section class=\"elementor-section elementor-top-section elementor-element elementor-element-b09e2e6 elementor-section-boxed elementor-section-height-default elementor-section-height-default\" data-id=\"b09e2e6\" data-element_type=\"section\">\n\t\t\t\t\t\t<div class=\"elementor-container elementor-column-gap-default\">\n\t\t\t\t\t<div class=\"elementor-column elementor-col-25 elementor-top-column elementor-element elementor-element-53ce6fc\" data-id=\"53ce6fc\" data-element_type=\"column\">\n\t\t\t<div class=\"elementor-widget-wrap\">\n\t\t\t\t\t\t\t<\/div>\n\t\t<\/div>\n\t\t\t\t<div class=\"elementor-column elementor-col-25 elementor-top-column elementor-element elementor-element-b96f3fd\" data-id=\"b96f3fd\" data-element_type=\"column\">\n\t\t\t<div class=\"elementor-widget-wrap elementor-element-populated\">\n\t\t\t\t\t\t<div class=\"elementor-element elementor-element-06243c6 elementor-widget elementor-widget-spacer\" data-id=\"06243c6\" data-element_type=\"widget\" data-widget_type=\"spacer.default\">\n\t\t\t\t<div class=\"elementor-widget-container\">\n\t\t\t\t\t\t\t<div class=\"elementor-spacer\">\n\t\t\t<div class=\"elementor-spacer-inner\"><\/div>\n\t\t<\/div>\n\t\t\t\t\t\t<\/div>\n\t\t\t\t<\/div>\n\t\t\t\t<div class=\"elementor-element elementor-element-5a75b94 elementor-widget elementor-widget-image\" data-id=\"5a75b94\" data-element_type=\"widget\" data-widget_type=\"image.default\">\n\t\t\t\t<div class=\"elementor-widget-container\">\n\t\t\t\t\t\t\t\t\t\t\t\t\t\t\t\t<a href=\"https:\/\/gwiszcz.pl\/karolina\">\n\t\t\t\t\t\t\t<img decoding=\"async\" src=\"http:\/\/gwiszcz.pl\/karolina\/wp-content\/uploads\/elementor\/thumbs\/logo-qw4pt9o7szpv22ha5l90nk994m37lkwvrjm21kg9n4.png\" title=\"logo\" alt=\"logo\" loading=\"lazy\" \/>\t\t\t\t\t\t\t\t<\/a>\n\t\t\t\t\t\t\t\t\t\t\t\t\t\t\t<\/div>\n\t\t\t\t<\/div>\n\t\t\t\t\t<\/div>\n\t\t<\/div>\n\t\t\t\t<div class=\"elementor-column elementor-col-25 elementor-top-column elementor-element elementor-element-8e5962c\" data-id=\"8e5962c\" data-element_type=\"column\">\n\t\t\t<div class=\"elementor-widget-wrap elementor-element-populated\">\n\t\t\t\t\t\t<div class=\"elementor-element elementor-element-ada295d elementor-widget elementor-widget-text-editor\" data-id=\"ada295d\" data-element_type=\"widget\" data-widget_type=\"text-editor.default\">\n\t\t\t\t<div class=\"elementor-widget-container\">\n\t\t\t\t\t\t\t\t\t<p><a href=\"https:\/\/gwiszcz.pl\/karolina\/o-mnie\/\">O MNIE<\/a><\/p><p><a href=\"https:\/\/gwiszcz.pl\/karolina\/portfolio\/\">PORTFOLIO<\/a><\/p><p><a href=\"https:\/\/gwiszcz.pl\/karolina\/blog\/\">BLOG<\/a><\/p><p><a href=\"https:\/\/gwiszcz.pl\/karolina\/kotakt\/\">KONTAKT<\/a><\/p>\t\t\t\t\t\t\t\t<\/div>\n\t\t\t\t<\/div>\n\t\t\t\t\t<\/div>\n\t\t<\/div>\n\t\t\t\t<div class=\"elementor-column elementor-col-25 elementor-top-column elementor-element elementor-element-7fdab61\" data-id=\"7fdab61\" data-element_type=\"column\">\n\t\t\t<div class=\"elementor-widget-wrap\">\n\t\t\t\t\t\t\t<\/div>\n\t\t<\/div>\n\t\t\t\t\t<\/div>\n\t\t<\/section>\n\t\t\t\t<section class=\"elementor-section elementor-top-section elementor-element elementor-element-be4cdb6 elementor-section-boxed elementor-section-height-default elementor-section-height-default\" data-id=\"be4cdb6\" data-element_type=\"section\">\n\t\t\t\t\t\t<div class=\"elementor-container elementor-column-gap-default\">\n\t\t\t\t\t<div class=\"elementor-column elementor-col-33 elementor-top-column elementor-element elementor-element-45d6fee\" data-id=\"45d6fee\" data-element_type=\"column\">\n\t\t\t<div class=\"elementor-widget-wrap elementor-element-populated\">\n\t\t\t\t\t\t<div class=\"elementor-element elementor-element-d442d32 elementor-widget elementor-widget-text-editor\" data-id=\"d442d32\" data-element_type=\"widget\" data-widget_type=\"text-editor.default\">\n\t\t\t\t<div class=\"elementor-widget-container\">\n\t\t\t\t\t\t\t\t\t<p>Czerpi\u0119 energi\u0119 z fotografii, kt\u00f3ra nap\u0119dza mnie do dzia\u0142ania i inspiruje do odkrywania nowych perspektyw. Tworzenie, kreowanie i wymy\u015blanie to moja pasja, kt\u00f3ra sprawia, \u017ce ka\u017cdy dzie\u0144 jest dla mnie now\u0105 przygod\u0105. Uwielbiam to, co robi\u0119, a ka\u017cdy projekt to dla mnie nie tylko wyzwanie, ale tak\u017ce mo\u017cliwo\u015b\u0107 wyra\u017cenia siebie i zatrzymania ulotnych chwil na zawsze.<\/p><p>Jestem dumn\u0105 mam\u0105 tr\u00f3jki wspania\u0142ych dzieci i \u017con\u0105, kt\u00f3ra czuje niesamowit\u0105 moc wsparcia od m\u0119\u017ca. To dzi\u0119ki nim ka\u017cdego dnia staj\u0119 si\u0119 lepsza, zar\u00f3wno jako artystka, jak i cz\u0142owiek.<\/p>\t\t\t\t\t\t\t\t<\/div>\n\t\t\t\t<\/div>\n\t\t\t\t<div class=\"elementor-element elementor-element-cb2b97e elementor-widget elementor-widget-image\" data-id=\"cb2b97e\" data-element_type=\"widget\" data-widget_type=\"image.default\">\n\t\t\t\t<div class=\"elementor-widget-container\">\n\t\t\t\t\t\t\t\t\t\t\t\t\t\t\t<img fetchpriority=\"high\" decoding=\"async\" width=\"1024\" height=\"1024\" src=\"http:\/\/gwiszcz.pl\/karolina\/wp-content\/uploads\/2024\/09\/karolina-copy-1024x1024.jpg\" class=\"attachment-large size-large wp-image-1037\" alt=\"\" srcset=\"http:\/\/gwiszcz.pl\/karolina\/wp-content\/uploads\/2024\/09\/karolina-copy-1024x1024.jpg 1024w, http:\/\/gwiszcz.pl\/karolina\/wp-content\/uploads\/2024\/09\/karolina-copy-300x300.jpg 300w, http:\/\/gwiszcz.pl\/karolina\/wp-content\/uploads\/2024\/09\/karolina-copy-150x150.jpg 150w, http:\/\/gwiszcz.pl\/karolina\/wp-content\/uploads\/2024\/09\/karolina-copy-768x768.jpg 768w, http:\/\/gwiszcz.pl\/karolina\/wp-content\/uploads\/2024\/09\/karolina-copy.jpg 1396w\" sizes=\"(max-width: 1024px) 100vw, 1024px\" \/>\t\t\t\t\t\t\t\t\t\t\t\t\t\t\t<\/div>\n\t\t\t\t<\/div>\n\t\t\t\t\t<\/div>\n\t\t<\/div>\n\t\t\t\t<div class=\"elementor-column elementor-col-66 elementor-top-column elementor-element elementor-element-8a1e398\" data-id=\"8a1e398\" data-element_type=\"column\">\n\t\t\t<div class=\"elementor-widget-wrap elementor-element-populated\">\n\t\t\t\t\t\t<div class=\"elementor-element elementor-element-283558f elementor-widget elementor-widget-image\" data-id=\"283558f\" data-element_type=\"widget\" data-widget_type=\"image.default\">\n\t\t\t\t<div class=\"elementor-widget-container\">\n\t\t\t\t\t\t\t\t\t\t\t\t\t\t\t<img decoding=\"async\" width=\"1024\" height=\"1024\" src=\"http:\/\/gwiszcz.pl\/karolina\/wp-content\/uploads\/2024\/09\/karolina-1-1024x1024.jpg\" class=\"attachment-large size-large wp-image-1035\" alt=\"\" srcset=\"http:\/\/gwiszcz.pl\/karolina\/wp-content\/uploads\/2024\/09\/karolina-1-1024x1024.jpg 1024w, http:\/\/gwiszcz.pl\/karolina\/wp-content\/uploads\/2024\/09\/karolina-1-300x300.jpg 300w, http:\/\/gwiszcz.pl\/karolina\/wp-content\/uploads\/2024\/09\/karolina-1-150x150.jpg 150w, http:\/\/gwiszcz.pl\/karolina\/wp-content\/uploads\/2024\/09\/karolina-1-768x768.jpg 768w, http:\/\/gwiszcz.pl\/karolina\/wp-content\/uploads\/2024\/09\/karolina-1-1536x1536.jpg 1536w, http:\/\/gwiszcz.pl\/karolina\/wp-content\/uploads\/2024\/09\/karolina-1-2048x2048.jpg 2048w\" sizes=\"(max-width: 1024px) 100vw, 1024px\" \/>\t\t\t\t\t\t\t\t\t\t\t\t\t\t\t<\/div>\n\t\t\t\t<\/div>\n\t\t\t\t\t<\/div>\n\t\t<\/div>\n\t\t\t\t\t<\/div>\n\t\t<\/section>\n\t\t\t\t<section class=\"elementor-section elementor-top-section elementor-element elementor-element-4c590a0 elementor-section-boxed elementor-section-height-default elementor-section-height-default\" data-id=\"4c590a0\" data-element_type=\"section\">\n\t\t\t\t\t\t<div class=\"elementor-container elementor-column-gap-default\">\n\t\t\t\t\t<div class=\"elementor-column elementor-col-100 elementor-top-column elementor-element elementor-element-e9229f8\" data-id=\"e9229f8\" data-element_type=\"column\">\n\t\t\t<div class=\"elementor-widget-wrap\">\n\t\t\t\t\t\t\t<\/div>\n\t\t<\/div>\n\t\t\t\t\t<\/div>\n\t\t<\/section>\n\t\t\t\t<\/div>\n\t\t","protected":false},"excerpt":{"rendered":"<p>O MNIE PORTFOLIO BLOG KONTAKT Czerpi\u0119 energi\u0119 z fotografii, kt\u00f3ra nap\u0119dza mnie do dzia\u0142ania i inspiruje do odkrywania nowych perspektyw. Tworzenie, kreowanie i wymy\u015blanie to moja pasja, kt\u00f3ra sprawia, \u017ce ka\u017cdy dzie\u0144 jest dla mnie now\u0105 przygod\u0105. Uwielbiam to, co robi\u0119, a ka\u017cdy projekt to dla mnie nie tylko wyzwanie, ale tak\u017ce mo\u017cliwo\u015b\u0107 wyra\u017cenia siebie&hellip;&nbsp;<a href=\"http:\/\/gwiszcz.pl\/karolina\/o-mnie\/\" class=\"\" rel=\"bookmark\">Dowiedz si\u0119 wi\u0119cej &raquo;<span class=\"screen-reader-text\">O mnie<\/span><\/a><\/p>\n","protected":false},"author":1,"featured_media":0,"parent":0,"menu_order":0,"comment_status":"closed","ping_status":"closed","template":"","meta":{"neve_meta_sidebar":"","neve_meta_container":"","neve_meta_enable_content_width":"","neve_meta_content_width":0,"neve_meta_title_alignment":"","neve_meta_author_avatar":"","neve_post_elements_order":"","neve_meta_disable_header":"","neve_meta_disable_footer":"","neve_meta_disable_title":"","footnotes":""},"class_list":["post-1006","page","type-page","status-publish","hentry"],"yoast_head":"<!-- This site is optimized with the Yoast SEO plugin v26.6 - https:\/\/yoast.com\/wordpress\/plugins\/seo\/ -->\n<title>O mnie - Karolina Gwiszcz<\/title>\n<meta name=\"robots\" content=\"index, follow, max-snippet:-1, max-image-preview:large, max-video-preview:-1\" \/>\n<link rel=\"canonical\" href=\"https:\/\/gwiszcz.pl\/karolina\/o-mnie\/\" \/>\n<meta property=\"og:locale\" content=\"pl_PL\" \/>\n<meta property=\"og:type\" content=\"article\" \/>\n<meta property=\"og:title\" content=\"O mnie - Karolina Gwiszcz\" \/>\n<meta property=\"og:description\" content=\"O MNIE PORTFOLIO BLOG KONTAKT Czerpi\u0119 energi\u0119 z fotografii, kt\u00f3ra nap\u0119dza mnie do dzia\u0142ania i inspiruje do odkrywania nowych perspektyw. Tworzenie, kreowanie i wymy\u015blanie to moja pasja, kt\u00f3ra sprawia, \u017ce ka\u017cdy dzie\u0144 jest dla mnie now\u0105 przygod\u0105. Uwielbiam to, co robi\u0119, a ka\u017cdy projekt to dla mnie nie tylko wyzwanie, ale tak\u017ce mo\u017cliwo\u015b\u0107 wyra\u017cenia siebie&hellip;&nbsp;Dowiedz si\u0119 wi\u0119cej &raquo;O mnie\" \/>\n<meta property=\"og:url\" content=\"https:\/\/gwiszcz.pl\/karolina\/o-mnie\/\" \/>\n<meta property=\"og:site_name\" content=\"Karolina Gwiszcz\" \/>\n<meta property=\"article:modified_time\" content=\"2024-10-26T14:23:06+00:00\" \/>\n<meta property=\"og:image\" content=\"http:\/\/gwiszcz.pl\/karolina\/wp-content\/uploads\/elementor\/thumbs\/logo-qw4pt9o7szpv22ha5l90nk994m37lkwvrjm21kg9n4.png\" \/>\n<meta name=\"twitter:card\" content=\"summary_large_image\" \/>\n<meta name=\"twitter:label1\" content=\"Szacowany czas czytania\" \/>\n\t<meta name=\"twitter:data1\" content=\"2 minuty\" \/>\n<script type=\"application\/ld+json\" class=\"yoast-schema-graph\">{\"@context\":\"https:\/\/schema.org\",\"@graph\":[{\"@type\":\"WebPage\",\"@id\":\"https:\/\/gwiszcz.pl\/karolina\/o-mnie\/\",\"url\":\"https:\/\/gwiszcz.pl\/karolina\/o-mnie\/\",\"name\":\"O mnie - Karolina Gwiszcz\",\"isPartOf\":{\"@id\":\"http:\/\/gwiszcz.pl\/karolina\/#website\"},\"primaryImageOfPage\":{\"@id\":\"https:\/\/gwiszcz.pl\/karolina\/o-mnie\/#primaryimage\"},\"image\":{\"@id\":\"https:\/\/gwiszcz.pl\/karolina\/o-mnie\/#primaryimage\"},\"thumbnailUrl\":\"http:\/\/gwiszcz.pl\/karolina\/wp-content\/uploads\/elementor\/thumbs\/logo-qw4pt9o7szpv22ha5l90nk994m37lkwvrjm21kg9n4.png\",\"datePublished\":\"2024-09-03T18:40:43+00:00\",\"dateModified\":\"2024-10-26T14:23:06+00:00\",\"breadcrumb\":{\"@id\":\"https:\/\/gwiszcz.pl\/karolina\/o-mnie\/#breadcrumb\"},\"inLanguage\":\"pl-PL\",\"potentialAction\":[{\"@type\":\"ReadAction\",\"target\":[\"https:\/\/gwiszcz.pl\/karolina\/o-mnie\/\"]}]},{\"@type\":\"ImageObject\",\"inLanguage\":\"pl-PL\",\"@id\":\"https:\/\/gwiszcz.pl\/karolina\/o-mnie\/#primaryimage\",\"url\":\"http:\/\/gwiszcz.pl\/karolina\/wp-content\/uploads\/elementor\/thumbs\/logo-qw4pt9o7szpv22ha5l90nk994m37lkwvrjm21kg9n4.png\",\"contentUrl\":\"http:\/\/gwiszcz.pl\/karolina\/wp-content\/uploads\/elementor\/thumbs\/logo-qw4pt9o7szpv22ha5l90nk994m37lkwvrjm21kg9n4.png\"},{\"@type\":\"BreadcrumbList\",\"@id\":\"https:\/\/gwiszcz.pl\/karolina\/o-mnie\/#breadcrumb\",\"itemListElement\":[{\"@type\":\"ListItem\",\"position\":1,\"name\":\"Strona g\u0142\u00f3wna\",\"item\":\"http:\/\/gwiszcz.pl\/karolina\/\"},{\"@type\":\"ListItem\",\"position\":2,\"name\":\"O mnie\"}]},{\"@type\":\"WebSite\",\"@id\":\"http:\/\/gwiszcz.pl\/karolina\/#website\",\"url\":\"http:\/\/gwiszcz.pl\/karolina\/\",\"name\":\"Karolina Gwiszcz\",\"description\":\"Fotografuje bo jest cudnie!\",\"publisher\":{\"@id\":\"http:\/\/gwiszcz.pl\/karolina\/#organization\"},\"potentialAction\":[{\"@type\":\"SearchAction\",\"target\":{\"@type\":\"EntryPoint\",\"urlTemplate\":\"http:\/\/gwiszcz.pl\/karolina\/?s={search_term_string}\"},\"query-input\":{\"@type\":\"PropertyValueSpecification\",\"valueRequired\":true,\"valueName\":\"search_term_string\"}}],\"inLanguage\":\"pl-PL\"},{\"@type\":\"Organization\",\"@id\":\"http:\/\/gwiszcz.pl\/karolina\/#organization\",\"name\":\"Karolina Gwiszcz\",\"url\":\"http:\/\/gwiszcz.pl\/karolina\/\",\"logo\":{\"@type\":\"ImageObject\",\"inLanguage\":\"pl-PL\",\"@id\":\"http:\/\/gwiszcz.pl\/karolina\/#\/schema\/logo\/image\/\",\"url\":\"http:\/\/gwiszcz.pl\/karolina\/wp-content\/uploads\/2022\/03\/cropped-cropped-karolina_logo_kwadrat.png\",\"contentUrl\":\"http:\/\/gwiszcz.pl\/karolina\/wp-content\/uploads\/2022\/03\/cropped-cropped-karolina_logo_kwadrat.png\",\"width\":100,\"height\":100,\"caption\":\"Karolina Gwiszcz\"},\"image\":{\"@id\":\"http:\/\/gwiszcz.pl\/karolina\/#\/schema\/logo\/image\/\"}}]}<\/script>\n<!-- \/ Yoast SEO plugin. -->","yoast_head_json":{"title":"O mnie - Karolina Gwiszcz","robots":{"index":"index","follow":"follow","max-snippet":"max-snippet:-1","max-image-preview":"max-image-preview:large","max-video-preview":"max-video-preview:-1"},"canonical":"https:\/\/gwiszcz.pl\/karolina\/o-mnie\/","og_locale":"pl_PL","og_type":"article","og_title":"O mnie - Karolina Gwiszcz","og_description":"O MNIE PORTFOLIO BLOG KONTAKT Czerpi\u0119 energi\u0119 z fotografii, kt\u00f3ra nap\u0119dza mnie do dzia\u0142ania i inspiruje do odkrywania nowych perspektyw. Tworzenie, kreowanie i wymy\u015blanie to moja pasja, kt\u00f3ra sprawia, \u017ce ka\u017cdy dzie\u0144 jest dla mnie now\u0105 przygod\u0105. Uwielbiam to, co robi\u0119, a ka\u017cdy projekt to dla mnie nie tylko wyzwanie, ale tak\u017ce mo\u017cliwo\u015b\u0107 wyra\u017cenia siebie&hellip;&nbsp;Dowiedz si\u0119 wi\u0119cej &raquo;O mnie","og_url":"https:\/\/gwiszcz.pl\/karolina\/o-mnie\/","og_site_name":"Karolina Gwiszcz","article_modified_time":"2024-10-26T14:23:06+00:00","og_image":[{"url":"http:\/\/gwiszcz.pl\/karolina\/wp-content\/uploads\/elementor\/thumbs\/logo-qw4pt9o7szpv22ha5l90nk994m37lkwvrjm21kg9n4.png","type":"","width":"","height":""}],"twitter_card":"summary_large_image","twitter_misc":{"Szacowany czas czytania":"2 minuty"},"schema":{"@context":"https:\/\/schema.org","@graph":[{"@type":"WebPage","@id":"https:\/\/gwiszcz.pl\/karolina\/o-mnie\/","url":"https:\/\/gwiszcz.pl\/karolina\/o-mnie\/","name":"O mnie - Karolina Gwiszcz","isPartOf":{"@id":"http:\/\/gwiszcz.pl\/karolina\/#website"},"primaryImageOfPage":{"@id":"https:\/\/gwiszcz.pl\/karolina\/o-mnie\/#primaryimage"},"image":{"@id":"https:\/\/gwiszcz.pl\/karolina\/o-mnie\/#primaryimage"},"thumbnailUrl":"http:\/\/gwiszcz.pl\/karolina\/wp-content\/uploads\/elementor\/thumbs\/logo-qw4pt9o7szpv22ha5l90nk994m37lkwvrjm21kg9n4.png","datePublished":"2024-09-03T18:40:43+00:00","dateModified":"2024-10-26T14:23:06+00:00","breadcrumb":{"@id":"https:\/\/gwiszcz.pl\/karolina\/o-mnie\/#breadcrumb"},"inLanguage":"pl-PL","potentialAction":[{"@type":"ReadAction","target":["https:\/\/gwiszcz.pl\/karolina\/o-mnie\/"]}]},{"@type":"ImageObject","inLanguage":"pl-PL","@id":"https:\/\/gwiszcz.pl\/karolina\/o-mnie\/#primaryimage","url":"http:\/\/gwiszcz.pl\/karolina\/wp-content\/uploads\/elementor\/thumbs\/logo-qw4pt9o7szpv22ha5l90nk994m37lkwvrjm21kg9n4.png","contentUrl":"http:\/\/gwiszcz.pl\/karolina\/wp-content\/uploads\/elementor\/thumbs\/logo-qw4pt9o7szpv22ha5l90nk994m37lkwvrjm21kg9n4.png"},{"@type":"BreadcrumbList","@id":"https:\/\/gwiszcz.pl\/karolina\/o-mnie\/#breadcrumb","itemListElement":[{"@type":"ListItem","position":1,"name":"Strona g\u0142\u00f3wna","item":"http:\/\/gwiszcz.pl\/karolina\/"},{"@type":"ListItem","position":2,"name":"O mnie"}]},{"@type":"WebSite","@id":"http:\/\/gwiszcz.pl\/karolina\/#website","url":"http:\/\/gwiszcz.pl\/karolina\/","name":"Karolina Gwiszcz","description":"Fotografuje bo jest cudnie!","publisher":{"@id":"http:\/\/gwiszcz.pl\/karolina\/#organization"},"potentialAction":[{"@type":"SearchAction","target":{"@type":"EntryPoint","urlTemplate":"http:\/\/gwiszcz.pl\/karolina\/?s={search_term_string}"},"query-input":{"@type":"PropertyValueSpecification","valueRequired":true,"valueName":"search_term_string"}}],"inLanguage":"pl-PL"},{"@type":"Organization","@id":"http:\/\/gwiszcz.pl\/karolina\/#organization","name":"Karolina Gwiszcz","url":"http:\/\/gwiszcz.pl\/karolina\/","logo":{"@type":"ImageObject","inLanguage":"pl-PL","@id":"http:\/\/gwiszcz.pl\/karolina\/#\/schema\/logo\/image\/","url":"http:\/\/gwiszcz.pl\/karolina\/wp-content\/uploads\/2022\/03\/cropped-cropped-karolina_logo_kwadrat.png","contentUrl":"http:\/\/gwiszcz.pl\/karolina\/wp-content\/uploads\/2022\/03\/cropped-cropped-karolina_logo_kwadrat.png","width":100,"height":100,"caption":"Karolina Gwiszcz"},"image":{"@id":"http:\/\/gwiszcz.pl\/karolina\/#\/schema\/logo\/image\/"}}]}},"_links":{"self":[{"href":"http:\/\/gwiszcz.pl\/karolina\/wp-json\/wp\/v2\/pages\/1006","targetHints":{"allow":["GET"]}}],"collection":[{"href":"http:\/\/gwiszcz.pl\/karolina\/wp-json\/wp\/v2\/pages"}],"about":[{"href":"http:\/\/gwiszcz.pl\/karolina\/wp-json\/wp\/v2\/types\/page"}],"author":[{"embeddable":true,"href":"http:\/\/gwiszcz.pl\/karolina\/wp-json\/wp\/v2\/users\/1"}],"replies":[{"embeddable":true,"href":"http:\/\/gwiszcz.pl\/karolina\/wp-json\/wp\/v2\/comments?post=1006"}],"version-history":[{"count":14,"href":"http:\/\/gwiszcz.pl\/karolina\/wp-json\/wp\/v2\/pages\/1006\/revisions"}],"predecessor-version":[{"id":1484,"href":"http:\/\/gwiszcz.pl\/karolina\/wp-json\/wp\/v2\/pages\/1006\/revisions\/1484"}],"wp:attachment":[{"href":"http:\/\/gwiszcz.pl\/karolina\/wp-json\/wp\/v2\/media?parent=1006"}],"curies":[{"name":"wp","href":"https:\/\/api.w.org\/{rel}","templated":true}]}}