{"id":1358,"date":"2024-10-08T21:13:43","date_gmt":"2024-10-08T19:13:43","guid":{"rendered":"https:\/\/gwiszcz.pl\/karolina\/?page_id=1358"},"modified":"2024-11-11T14:47:34","modified_gmt":"2024-11-11T13:47:34","slug":"zaswiaty-slowian","status":"publish","type":"page","link":"http:\/\/gwiszcz.pl\/karolina\/zaswiaty-slowian\/","title":{"rendered":"Za\u015bwiaty S\u0142owian"},"content":{"rendered":"\t\t<div data-elementor-type=\"wp-page\" data-elementor-id=\"1358\" class=\"elementor elementor-1358\">\n\t\t\t\t\t\t<section class=\"elementor-section elementor-top-section elementor-element elementor-element-b33407e elementor-section-boxed elementor-section-height-default elementor-section-height-default\" data-id=\"b33407e\" data-element_type=\"section\">\n\t\t\t\t\t\t<div class=\"elementor-container elementor-column-gap-default\">\n\t\t\t\t\t<div class=\"elementor-column elementor-col-33 elementor-top-column elementor-element elementor-element-2b447c4\" data-id=\"2b447c4\" data-element_type=\"column\">\n\t\t\t<div class=\"elementor-widget-wrap\">\n\t\t\t\t\t\t\t<\/div>\n\t\t<\/div>\n\t\t\t\t<div class=\"elementor-column elementor-col-66 elementor-top-column elementor-element elementor-element-20f72b7\" data-id=\"20f72b7\" data-element_type=\"column\">\n\t\t\t<div class=\"elementor-widget-wrap\">\n\t\t\t\t\t\t\t<\/div>\n\t\t<\/div>\n\t\t\t\t\t<\/div>\n\t\t<\/section>\n\t\t\t\t<section class=\"elementor-section elementor-top-section elementor-element elementor-element-f755c28 elementor-section-boxed elementor-section-height-default elementor-section-height-default\" data-id=\"f755c28\" data-element_type=\"section\">\n\t\t\t\t\t\t<div class=\"elementor-container elementor-column-gap-default\">\n\t\t\t\t\t<div class=\"elementor-column elementor-col-33 elementor-top-column elementor-element elementor-element-9b7327e\" data-id=\"9b7327e\" data-element_type=\"column\">\n\t\t\t<div class=\"elementor-widget-wrap\">\n\t\t\t\t\t\t\t<\/div>\n\t\t<\/div>\n\t\t\t\t<div class=\"elementor-column elementor-col-33 elementor-top-column elementor-element elementor-element-5c79251\" data-id=\"5c79251\" data-element_type=\"column\">\n\t\t\t<div class=\"elementor-widget-wrap elementor-element-populated\">\n\t\t\t\t\t\t<div class=\"elementor-element elementor-element-1892600 elementor-widget elementor-widget-image\" data-id=\"1892600\" data-element_type=\"widget\" data-widget_type=\"image.default\">\n\t\t\t\t<div class=\"elementor-widget-container\">\n\t\t\t\t\t\t\t\t\t\t\t\t\t\t\t<img fetchpriority=\"high\" decoding=\"async\" width=\"483\" height=\"291\" src=\"http:\/\/gwiszcz.pl\/karolina\/wp-content\/uploads\/2024\/10\/logo_zaswiaty.jpg\" class=\"attachment-large size-large wp-image-1371\" alt=\"\" srcset=\"http:\/\/gwiszcz.pl\/karolina\/wp-content\/uploads\/2024\/10\/logo_zaswiaty.jpg 483w, http:\/\/gwiszcz.pl\/karolina\/wp-content\/uploads\/2024\/10\/logo_zaswiaty-300x181.jpg 300w\" sizes=\"(max-width: 483px) 100vw, 483px\" \/>\t\t\t\t\t\t\t\t\t\t\t\t\t\t\t<\/div>\n\t\t\t\t<\/div>\n\t\t\t\t\t<\/div>\n\t\t<\/div>\n\t\t\t\t<div class=\"elementor-column elementor-col-33 elementor-top-column elementor-element elementor-element-24e7df4\" data-id=\"24e7df4\" data-element_type=\"column\">\n\t\t\t<div class=\"elementor-widget-wrap\">\n\t\t\t\t\t\t\t<\/div>\n\t\t<\/div>\n\t\t\t\t\t<\/div>\n\t\t<\/section>\n\t\t\t\t<section class=\"elementor-section elementor-top-section elementor-element elementor-element-4aa80b1 elementor-section-boxed elementor-section-height-default elementor-section-height-default\" data-id=\"4aa80b1\" data-element_type=\"section\">\n\t\t\t\t\t\t<div class=\"elementor-container elementor-column-gap-default\">\n\t\t\t\t\t<div class=\"elementor-column elementor-col-100 elementor-top-column elementor-element elementor-element-6272d60\" data-id=\"6272d60\" data-element_type=\"column\">\n\t\t\t<div class=\"elementor-widget-wrap elementor-element-populated\">\n\t\t\t\t\t\t<div class=\"elementor-element elementor-element-93087f0 elementor-widget-divider--view-line elementor-widget elementor-widget-divider\" data-id=\"93087f0\" data-element_type=\"widget\" data-widget_type=\"divider.default\">\n\t\t\t\t<div class=\"elementor-widget-container\">\n\t\t\t\t\t\t\t<div class=\"elementor-divider\">\n\t\t\t<span class=\"elementor-divider-separator\">\n\t\t\t\t\t\t<\/span>\n\t\t<\/div>\n\t\t\t\t\t\t<\/div>\n\t\t\t\t<\/div>\n\t\t\t\t\t<\/div>\n\t\t<\/div>\n\t\t\t\t\t<\/div>\n\t\t<\/section>\n\t\t\t\t<section class=\"elementor-section elementor-top-section elementor-element elementor-element-465b521 elementor-section-boxed elementor-section-height-default elementor-section-height-default\" data-id=\"465b521\" data-element_type=\"section\">\n\t\t\t\t\t\t<div class=\"elementor-container elementor-column-gap-default\">\n\t\t\t\t\t<div class=\"elementor-column elementor-col-33 elementor-top-column elementor-element elementor-element-17ce6ea\" data-id=\"17ce6ea\" data-element_type=\"column\">\n\t\t\t<div class=\"elementor-widget-wrap elementor-element-populated\">\n\t\t\t\t\t\t<div class=\"elementor-element elementor-element-a7205c3 elementor-widget elementor-widget-image\" data-id=\"a7205c3\" data-element_type=\"widget\" data-widget_type=\"image.default\">\n\t\t\t\t<div class=\"elementor-widget-container\">\n\t\t\t\t\t\t\t\t\t\t\t\t\t\t\t<img decoding=\"async\" width=\"724\" height=\"1024\" src=\"http:\/\/gwiszcz.pl\/karolina\/wp-content\/uploads\/2024\/10\/Plakat-724x1024.jpg\" class=\"attachment-large size-large wp-image-1360\" alt=\"\" srcset=\"http:\/\/gwiszcz.pl\/karolina\/wp-content\/uploads\/2024\/10\/Plakat-724x1024.jpg 724w, http:\/\/gwiszcz.pl\/karolina\/wp-content\/uploads\/2024\/10\/Plakat-212x300.jpg 212w, http:\/\/gwiszcz.pl\/karolina\/wp-content\/uploads\/2024\/10\/Plakat-768x1086.jpg 768w, http:\/\/gwiszcz.pl\/karolina\/wp-content\/uploads\/2024\/10\/Plakat-1086x1536.jpg 1086w, http:\/\/gwiszcz.pl\/karolina\/wp-content\/uploads\/2024\/10\/Plakat.jpg 1448w\" sizes=\"(max-width: 724px) 100vw, 724px\" \/>\t\t\t\t\t\t\t\t\t\t\t\t\t\t\t<\/div>\n\t\t\t\t<\/div>\n\t\t\t\t\t<\/div>\n\t\t<\/div>\n\t\t\t\t<div class=\"elementor-column elementor-col-66 elementor-top-column elementor-element elementor-element-d08019f\" data-id=\"d08019f\" data-element_type=\"column\">\n\t\t\t<div class=\"elementor-widget-wrap elementor-element-populated\">\n\t\t\t\t\t\t<div class=\"elementor-element elementor-element-8546be0 elementor-widget elementor-widget-text-editor\" data-id=\"8546be0\" data-element_type=\"widget\" data-widget_type=\"text-editor.default\">\n\t\t\t\t<div class=\"elementor-widget-container\">\n\t\t\t\t\t\t\t\t\t<p>&#8222;Za\u015bwiat S\u0142owian&#8221; to autorski projekt duetu Karolina Gwiszcz i Sergiusz Starski, kt\u00f3ry \u0142\u0105czy sztuk\u0119 charakteryzacji z fotografi\u0105, aby odtworzy\u0107 postacie obecne w dawnych wierzeniach S\u0142owian. Poprzez kreatywne podej\u015bcie i wyraziste stylizacje, tw\u00f3rcy przywracaj\u0105 do \u017cycia bog\u00f3w, demony i duchy, kt\u00f3re zamieszkiwa\u0142y mityczny \u015bwiat naszych przodk\u00f3w.<\/p><p>Wystaw\u0119 &#8222;Za\u015bwiat S\u0142owian&#8221; mo\u017cna ogl\u0105da\u0107 w Golf Park Miko\u0142\u00f3w, a kuratork\u0105 wystawy jest Katarzyna Korus. Na ekspozycji zaprezentowane s\u0105 portrety m.in. Wilko\u0142aka, Strzygonia, K\u0142ykanicy oraz Chowa\u0144ca \u2013 postaci wywodz\u0105cych si\u0119 z dawnych wierze\u0144 s\u0142owia\u0144skich. Dzi\u0119ki kodom QR umieszczonym obok prac, odwiedzaj\u0105cy mog\u0105 pos\u0142ucha\u0107, co ka\u017cda posta\u0107 ma o sobie do powiedzenia. Zapraszamy do Miko\u0142owa, aby odkry\u0107 ten wyj\u0105tkowy \u015bwiat mitologii s\u0142owia\u0144skiej w nowoczesnej formie!<\/p><p>Wernisa\u017c\u00a0 odby\u0142 si\u0119 2 listopada oraz\u00a0 towarzyszy\u0142o muwyj\u0105tkowe spotkanie &#8222;Magia Wiza\u017cu&#8221;!\u00a0<\/p><p>\u00a0<\/p><p><span style=\"text-decoration: underline;\"><a href=\"https:\/\/gwiszcz.pl\/karolina\/2024\/11\/03\/zaswiaty-slowian-wernisaz\/\">Zobacz galeri\u0119 foto z wernisa\u017cu<\/a><\/span><\/p><p>&#8212;&#8212;&#8212;&#8212;&#8212;&#8212;&#8212;&#8212;&#8212;&#8212;&#8212;&#8212;<\/p><p>Ju\u017c 2 listopada 2024 o godz. 17:30 w Golf Park Miko\u0142\u00f3w (ul. Golfowa 2) odb\u0119dzie si\u0119 wernisa\u017c wystawy &#8222;Za\u015bwiaty S\u0142owian&#8221;, gdzie poprzez charakteryzacj\u0119 i fotografi\u0119 odtworzymy wizerunki dawnych s\u0142owia\u0144skich b\u00f3stw, demon\u00f3w i pomocnych duch\u00f3w. To niepowtarzalna okazja, by przenie\u015b\u0107 si\u0119 w \u015bwiat s\u0142owia\u0144skiej mitologii i magii za pomoc\u0105 sztuki.<\/p><p>O godz. 18:00 zapraszamy na wyj\u0105tkowe wydarzenie \u2013 preludium do cyklu spotka\u0144 &#8222;Magia Wiza\u017cu&#8221;. Podczas pokazu na \u017cywo odkryjemy tajemnice, o kt\u00f3rych nie m\u00f3wi\u0105 wiza\u017cy\u015bci, oraz zdradzimy najlepsze wskaz\u00f3wki dotycz\u0105ce pozowania przed obiektywem.<\/p><p>Do zobaczenia!<\/p>\t\t\t\t\t\t\t\t<\/div>\n\t\t\t\t<\/div>\n\t\t\t\t\t<\/div>\n\t\t<\/div>\n\t\t\t\t\t<\/div>\n\t\t<\/section>\n\t\t\t\t<\/div>\n\t\t","protected":false},"excerpt":{"rendered":"<p>&#8222;Za\u015bwiat S\u0142owian&#8221; to autorski projekt duetu Karolina Gwiszcz i Sergiusz Starski, kt\u00f3ry \u0142\u0105czy sztuk\u0119 charakteryzacji z fotografi\u0105, aby odtworzy\u0107 postacie obecne w dawnych wierzeniach S\u0142owian. Poprzez kreatywne podej\u015bcie i wyraziste stylizacje, tw\u00f3rcy przywracaj\u0105 do \u017cycia bog\u00f3w, demony i duchy, kt\u00f3re zamieszkiwa\u0142y mityczny \u015bwiat naszych przodk\u00f3w. Wystaw\u0119 &#8222;Za\u015bwiat S\u0142owian&#8221; mo\u017cna ogl\u0105da\u0107 w Golf Park Miko\u0142\u00f3w, a&hellip;&nbsp;<a href=\"http:\/\/gwiszcz.pl\/karolina\/zaswiaty-slowian\/\" class=\"\" rel=\"bookmark\">Dowiedz si\u0119 wi\u0119cej &raquo;<span class=\"screen-reader-text\">Za\u015bwiaty S\u0142owian<\/span><\/a><\/p>\n","protected":false},"author":1,"featured_media":0,"parent":0,"menu_order":0,"comment_status":"closed","ping_status":"closed","template":"page-templates\/template-pagebuilder-full-width.php","meta":{"neve_meta_sidebar":"","neve_meta_container":"","neve_meta_enable_content_width":"","neve_meta_content_width":0,"neve_meta_title_alignment":"","neve_meta_author_avatar":"","neve_post_elements_order":"","neve_meta_disable_header":"","neve_meta_disable_footer":"","neve_meta_disable_title":"","footnotes":""},"class_list":["post-1358","page","type-page","status-publish","hentry"],"yoast_head":"<!-- This site is optimized with the Yoast SEO plugin v26.6 - https:\/\/yoast.com\/wordpress\/plugins\/seo\/ -->\n<title>Za\u015bwiaty S\u0142owian - Karolina Gwiszcz<\/title>\n<meta name=\"robots\" content=\"index, follow, max-snippet:-1, max-image-preview:large, max-video-preview:-1\" \/>\n<link rel=\"canonical\" href=\"https:\/\/gwiszcz.pl\/karolina\/zaswiaty-slowian\/\" \/>\n<meta property=\"og:locale\" content=\"pl_PL\" \/>\n<meta property=\"og:type\" content=\"article\" \/>\n<meta property=\"og:title\" content=\"Za\u015bwiaty S\u0142owian - Karolina Gwiszcz\" \/>\n<meta property=\"og:description\" content=\"&#8222;Za\u015bwiat S\u0142owian&#8221; to autorski projekt duetu Karolina Gwiszcz i Sergiusz Starski, kt\u00f3ry \u0142\u0105czy sztuk\u0119 charakteryzacji z fotografi\u0105, aby odtworzy\u0107 postacie obecne w dawnych wierzeniach S\u0142owian. Poprzez kreatywne podej\u015bcie i wyraziste stylizacje, tw\u00f3rcy przywracaj\u0105 do \u017cycia bog\u00f3w, demony i duchy, kt\u00f3re zamieszkiwa\u0142y mityczny \u015bwiat naszych przodk\u00f3w. Wystaw\u0119 &#8222;Za\u015bwiat S\u0142owian&#8221; mo\u017cna ogl\u0105da\u0107 w Golf Park Miko\u0142\u00f3w, a&hellip;&nbsp;Dowiedz si\u0119 wi\u0119cej &raquo;Za\u015bwiaty S\u0142owian\" \/>\n<meta property=\"og:url\" content=\"https:\/\/gwiszcz.pl\/karolina\/zaswiaty-slowian\/\" \/>\n<meta property=\"og:site_name\" content=\"Karolina Gwiszcz\" \/>\n<meta property=\"article:modified_time\" content=\"2024-11-11T13:47:34+00:00\" \/>\n<meta property=\"og:image\" content=\"http:\/\/gwiszcz.pl\/karolina\/wp-content\/uploads\/2024\/10\/logo_zaswiaty.jpg\" \/>\n<meta name=\"twitter:card\" content=\"summary_large_image\" \/>\n<meta name=\"twitter:label1\" content=\"Szacowany czas czytania\" \/>\n\t<meta name=\"twitter:data1\" content=\"2 minuty\" \/>\n<script type=\"application\/ld+json\" class=\"yoast-schema-graph\">{\"@context\":\"https:\/\/schema.org\",\"@graph\":[{\"@type\":\"WebPage\",\"@id\":\"https:\/\/gwiszcz.pl\/karolina\/zaswiaty-slowian\/\",\"url\":\"https:\/\/gwiszcz.pl\/karolina\/zaswiaty-slowian\/\",\"name\":\"Za\u015bwiaty S\u0142owian - Karolina Gwiszcz\",\"isPartOf\":{\"@id\":\"http:\/\/gwiszcz.pl\/karolina\/#website\"},\"primaryImageOfPage\":{\"@id\":\"https:\/\/gwiszcz.pl\/karolina\/zaswiaty-slowian\/#primaryimage\"},\"image\":{\"@id\":\"https:\/\/gwiszcz.pl\/karolina\/zaswiaty-slowian\/#primaryimage\"},\"thumbnailUrl\":\"http:\/\/gwiszcz.pl\/karolina\/wp-content\/uploads\/2024\/10\/logo_zaswiaty.jpg\",\"datePublished\":\"2024-10-08T19:13:43+00:00\",\"dateModified\":\"2024-11-11T13:47:34+00:00\",\"breadcrumb\":{\"@id\":\"https:\/\/gwiszcz.pl\/karolina\/zaswiaty-slowian\/#breadcrumb\"},\"inLanguage\":\"pl-PL\",\"potentialAction\":[{\"@type\":\"ReadAction\",\"target\":[\"https:\/\/gwiszcz.pl\/karolina\/zaswiaty-slowian\/\"]}]},{\"@type\":\"ImageObject\",\"inLanguage\":\"pl-PL\",\"@id\":\"https:\/\/gwiszcz.pl\/karolina\/zaswiaty-slowian\/#primaryimage\",\"url\":\"http:\/\/gwiszcz.pl\/karolina\/wp-content\/uploads\/2024\/10\/logo_zaswiaty.jpg\",\"contentUrl\":\"http:\/\/gwiszcz.pl\/karolina\/wp-content\/uploads\/2024\/10\/logo_zaswiaty.jpg\",\"width\":483,\"height\":291},{\"@type\":\"BreadcrumbList\",\"@id\":\"https:\/\/gwiszcz.pl\/karolina\/zaswiaty-slowian\/#breadcrumb\",\"itemListElement\":[{\"@type\":\"ListItem\",\"position\":1,\"name\":\"Strona g\u0142\u00f3wna\",\"item\":\"http:\/\/gwiszcz.pl\/karolina\/\"},{\"@type\":\"ListItem\",\"position\":2,\"name\":\"Za\u015bwiaty S\u0142owian\"}]},{\"@type\":\"WebSite\",\"@id\":\"http:\/\/gwiszcz.pl\/karolina\/#website\",\"url\":\"http:\/\/gwiszcz.pl\/karolina\/\",\"name\":\"Karolina Gwiszcz\",\"description\":\"Fotografuje bo jest cudnie!\",\"publisher\":{\"@id\":\"http:\/\/gwiszcz.pl\/karolina\/#organization\"},\"potentialAction\":[{\"@type\":\"SearchAction\",\"target\":{\"@type\":\"EntryPoint\",\"urlTemplate\":\"http:\/\/gwiszcz.pl\/karolina\/?s={search_term_string}\"},\"query-input\":{\"@type\":\"PropertyValueSpecification\",\"valueRequired\":true,\"valueName\":\"search_term_string\"}}],\"inLanguage\":\"pl-PL\"},{\"@type\":\"Organization\",\"@id\":\"http:\/\/gwiszcz.pl\/karolina\/#organization\",\"name\":\"Karolina Gwiszcz\",\"url\":\"http:\/\/gwiszcz.pl\/karolina\/\",\"logo\":{\"@type\":\"ImageObject\",\"inLanguage\":\"pl-PL\",\"@id\":\"http:\/\/gwiszcz.pl\/karolina\/#\/schema\/logo\/image\/\",\"url\":\"http:\/\/gwiszcz.pl\/karolina\/wp-content\/uploads\/2022\/03\/cropped-cropped-karolina_logo_kwadrat.png\",\"contentUrl\":\"http:\/\/gwiszcz.pl\/karolina\/wp-content\/uploads\/2022\/03\/cropped-cropped-karolina_logo_kwadrat.png\",\"width\":100,\"height\":100,\"caption\":\"Karolina Gwiszcz\"},\"image\":{\"@id\":\"http:\/\/gwiszcz.pl\/karolina\/#\/schema\/logo\/image\/\"}}]}<\/script>\n<!-- \/ Yoast SEO plugin. -->","yoast_head_json":{"title":"Za\u015bwiaty S\u0142owian - Karolina Gwiszcz","robots":{"index":"index","follow":"follow","max-snippet":"max-snippet:-1","max-image-preview":"max-image-preview:large","max-video-preview":"max-video-preview:-1"},"canonical":"https:\/\/gwiszcz.pl\/karolina\/zaswiaty-slowian\/","og_locale":"pl_PL","og_type":"article","og_title":"Za\u015bwiaty S\u0142owian - Karolina Gwiszcz","og_description":"&#8222;Za\u015bwiat S\u0142owian&#8221; to autorski projekt duetu Karolina Gwiszcz i Sergiusz Starski, kt\u00f3ry \u0142\u0105czy sztuk\u0119 charakteryzacji z fotografi\u0105, aby odtworzy\u0107 postacie obecne w dawnych wierzeniach S\u0142owian. Poprzez kreatywne podej\u015bcie i wyraziste stylizacje, tw\u00f3rcy przywracaj\u0105 do \u017cycia bog\u00f3w, demony i duchy, kt\u00f3re zamieszkiwa\u0142y mityczny \u015bwiat naszych przodk\u00f3w. Wystaw\u0119 &#8222;Za\u015bwiat S\u0142owian&#8221; mo\u017cna ogl\u0105da\u0107 w Golf Park Miko\u0142\u00f3w, a&hellip;&nbsp;Dowiedz si\u0119 wi\u0119cej &raquo;Za\u015bwiaty S\u0142owian","og_url":"https:\/\/gwiszcz.pl\/karolina\/zaswiaty-slowian\/","og_site_name":"Karolina Gwiszcz","article_modified_time":"2024-11-11T13:47:34+00:00","og_image":[{"url":"http:\/\/gwiszcz.pl\/karolina\/wp-content\/uploads\/2024\/10\/logo_zaswiaty.jpg","type":"","width":"","height":""}],"twitter_card":"summary_large_image","twitter_misc":{"Szacowany czas czytania":"2 minuty"},"schema":{"@context":"https:\/\/schema.org","@graph":[{"@type":"WebPage","@id":"https:\/\/gwiszcz.pl\/karolina\/zaswiaty-slowian\/","url":"https:\/\/gwiszcz.pl\/karolina\/zaswiaty-slowian\/","name":"Za\u015bwiaty S\u0142owian - Karolina Gwiszcz","isPartOf":{"@id":"http:\/\/gwiszcz.pl\/karolina\/#website"},"primaryImageOfPage":{"@id":"https:\/\/gwiszcz.pl\/karolina\/zaswiaty-slowian\/#primaryimage"},"image":{"@id":"https:\/\/gwiszcz.pl\/karolina\/zaswiaty-slowian\/#primaryimage"},"thumbnailUrl":"http:\/\/gwiszcz.pl\/karolina\/wp-content\/uploads\/2024\/10\/logo_zaswiaty.jpg","datePublished":"2024-10-08T19:13:43+00:00","dateModified":"2024-11-11T13:47:34+00:00","breadcrumb":{"@id":"https:\/\/gwiszcz.pl\/karolina\/zaswiaty-slowian\/#breadcrumb"},"inLanguage":"pl-PL","potentialAction":[{"@type":"ReadAction","target":["https:\/\/gwiszcz.pl\/karolina\/zaswiaty-slowian\/"]}]},{"@type":"ImageObject","inLanguage":"pl-PL","@id":"https:\/\/gwiszcz.pl\/karolina\/zaswiaty-slowian\/#primaryimage","url":"http:\/\/gwiszcz.pl\/karolina\/wp-content\/uploads\/2024\/10\/logo_zaswiaty.jpg","contentUrl":"http:\/\/gwiszcz.pl\/karolina\/wp-content\/uploads\/2024\/10\/logo_zaswiaty.jpg","width":483,"height":291},{"@type":"BreadcrumbList","@id":"https:\/\/gwiszcz.pl\/karolina\/zaswiaty-slowian\/#breadcrumb","itemListElement":[{"@type":"ListItem","position":1,"name":"Strona g\u0142\u00f3wna","item":"http:\/\/gwiszcz.pl\/karolina\/"},{"@type":"ListItem","position":2,"name":"Za\u015bwiaty S\u0142owian"}]},{"@type":"WebSite","@id":"http:\/\/gwiszcz.pl\/karolina\/#website","url":"http:\/\/gwiszcz.pl\/karolina\/","name":"Karolina Gwiszcz","description":"Fotografuje bo jest cudnie!","publisher":{"@id":"http:\/\/gwiszcz.pl\/karolina\/#organization"},"potentialAction":[{"@type":"SearchAction","target":{"@type":"EntryPoint","urlTemplate":"http:\/\/gwiszcz.pl\/karolina\/?s={search_term_string}"},"query-input":{"@type":"PropertyValueSpecification","valueRequired":true,"valueName":"search_term_string"}}],"inLanguage":"pl-PL"},{"@type":"Organization","@id":"http:\/\/gwiszcz.pl\/karolina\/#organization","name":"Karolina Gwiszcz","url":"http:\/\/gwiszcz.pl\/karolina\/","logo":{"@type":"ImageObject","inLanguage":"pl-PL","@id":"http:\/\/gwiszcz.pl\/karolina\/#\/schema\/logo\/image\/","url":"http:\/\/gwiszcz.pl\/karolina\/wp-content\/uploads\/2022\/03\/cropped-cropped-karolina_logo_kwadrat.png","contentUrl":"http:\/\/gwiszcz.pl\/karolina\/wp-content\/uploads\/2022\/03\/cropped-cropped-karolina_logo_kwadrat.png","width":100,"height":100,"caption":"Karolina Gwiszcz"},"image":{"@id":"http:\/\/gwiszcz.pl\/karolina\/#\/schema\/logo\/image\/"}}]}},"_links":{"self":[{"href":"http:\/\/gwiszcz.pl\/karolina\/wp-json\/wp\/v2\/pages\/1358","targetHints":{"allow":["GET"]}}],"collection":[{"href":"http:\/\/gwiszcz.pl\/karolina\/wp-json\/wp\/v2\/pages"}],"about":[{"href":"http:\/\/gwiszcz.pl\/karolina\/wp-json\/wp\/v2\/types\/page"}],"author":[{"embeddable":true,"href":"http:\/\/gwiszcz.pl\/karolina\/wp-json\/wp\/v2\/users\/1"}],"replies":[{"embeddable":true,"href":"http:\/\/gwiszcz.pl\/karolina\/wp-json\/wp\/v2\/comments?post=1358"}],"version-history":[{"count":20,"href":"http:\/\/gwiszcz.pl\/karolina\/wp-json\/wp\/v2\/pages\/1358\/revisions"}],"predecessor-version":[{"id":1678,"href":"http:\/\/gwiszcz.pl\/karolina\/wp-json\/wp\/v2\/pages\/1358\/revisions\/1678"}],"wp:attachment":[{"href":"http:\/\/gwiszcz.pl\/karolina\/wp-json\/wp\/v2\/media?parent=1358"}],"curies":[{"name":"wp","href":"https:\/\/api.w.org\/{rel}","templated":true}]}}