{"id":943,"date":"2023-05-15T21:52:41","date_gmt":"2023-05-15T19:52:41","guid":{"rendered":"http:\/\/gwiszcz.pl\/karolina\/?page_id=943"},"modified":"2023-05-15T21:58:50","modified_gmt":"2023-05-15T19:58:50","slug":"mmkomunia","status":"publish","type":"page","link":"http:\/\/gwiszcz.pl\/karolina\/mmkomunia\/","title":{"rendered":"MMKomunia"},"content":{"rendered":"\t\t<div data-elementor-type=\"wp-page\" data-elementor-id=\"943\" class=\"elementor elementor-943\">\n\t\t\t\t\t\t<section class=\"elementor-section elementor-top-section elementor-element elementor-element-9e62293 elementor-section-boxed elementor-section-height-default elementor-section-height-default\" data-id=\"9e62293\" data-element_type=\"section\">\n\t\t\t\t\t\t<div class=\"elementor-container elementor-column-gap-default\">\n\t\t\t\t\t<div class=\"elementor-column elementor-col-100 elementor-top-column elementor-element elementor-element-6044b26\" data-id=\"6044b26\" data-element_type=\"column\">\n\t\t\t<div class=\"elementor-widget-wrap elementor-element-populated\">\n\t\t\t\t\t\t<div class=\"elementor-element elementor-element-c81381f elementor-widget elementor-widget-heading\" data-id=\"c81381f\" data-element_type=\"widget\" data-widget_type=\"heading.default\">\n\t\t\t\t<div class=\"elementor-widget-container\">\n\t\t\t\t\t<h2 class=\"elementor-heading-title elementor-size-default\">Bardzo dzi\u0119kuje.<\/h2>\t\t\t\t<\/div>\n\t\t\t\t<\/div>\n\t\t\t\t\t<\/div>\n\t\t<\/div>\n\t\t\t\t\t<\/div>\n\t\t<\/section>\n\t\t\t\t<section class=\"elementor-section elementor-top-section elementor-element elementor-element-86f662c elementor-section-boxed elementor-section-height-default elementor-section-height-default\" data-id=\"86f662c\" data-element_type=\"section\">\n\t\t\t\t\t\t<div class=\"elementor-container elementor-column-gap-default\">\n\t\t\t\t\t<div class=\"elementor-column elementor-col-100 elementor-top-column elementor-element elementor-element-b1b52a6\" data-id=\"b1b52a6\" data-element_type=\"column\">\n\t\t\t<div class=\"elementor-widget-wrap elementor-element-populated\">\n\t\t\t\t\t\t<div class=\"elementor-element elementor-element-fa2bc93 elementor-widget elementor-widget-text-editor\" data-id=\"fa2bc93\" data-element_type=\"widget\" data-widget_type=\"text-editor.default\">\n\t\t\t\t<div class=\"elementor-widget-container\">\n\t\t\t\t\t\t\t\t\t<p>By\u0142o mi bardzo mi\u0142o sp\u0119dzi\u0107 ten wyj\u0105tkowy czas z Pa\u0144stwem.<\/p><p>Zapraszam do pobrania zdj\u0119\u0107 z <strong><a href=\"http:\/\/zalamo.com\/session\/index\/psuid\/99fbdab6-f2f9-11ed-9fa3-0cc47a739430-99fbdad1-f2f9-11ed-9fa3-0cc47a739430\">&gt;galerii&lt;.<\/a><\/strong><\/p><p>S\u0105 one udost\u0119pnione do 31.07.2023 bardzo polecam \u015bci\u0105gn\u0105\u0107 wszystkie wybrane rzez Pa\u0144stwa pliki. Niezale\u017cnie od ilo\u015bci zdj\u0119\u0107 s\u0105 one bezp\u0142atne.<\/p><p>Mo\u017cna r\u00f3wnie\u017c za pomoc\u0105 programu zam\u00f3wi\u0107 odbitki zdj\u0119\u0107 (p\u0142atne jedynie za wydruk) do odbioru w BM Foto. Tychy, ul. Bacha 5d.<\/p>\t\t\t\t\t\t\t\t<\/div>\n\t\t\t\t<\/div>\n\t\t\t\t\t<\/div>\n\t\t<\/div>\n\t\t\t\t\t<\/div>\n\t\t<\/section>\n\t\t\t\t<section class=\"elementor-section elementor-top-section elementor-element elementor-element-ee6f066 elementor-section-boxed elementor-section-height-default elementor-section-height-default\" data-id=\"ee6f066\" data-element_type=\"section\">\n\t\t\t\t\t\t<div class=\"elementor-container elementor-column-gap-default\">\n\t\t\t\t\t<div class=\"elementor-column elementor-col-100 elementor-top-column elementor-element elementor-element-1efb1ff\" data-id=\"1efb1ff\" data-element_type=\"column\">\n\t\t\t<div class=\"elementor-widget-wrap elementor-element-populated\">\n\t\t\t\t\t\t<div class=\"elementor-element elementor-element-fb3b386 wt-align-center elementor-widget elementor-widget-sc_button\" data-id=\"fb3b386\" data-element_type=\"widget\" data-widget_type=\"sc_button.default\">\n\t\t\t\t<div class=\"elementor-widget-container\">\n\t\t\t\t\t\t\t<div id=\"wt-at-fb3b386\" class=\"wt-button-wrap\">\r\n\t\t\t<a class=\"wt-btn\" href=\"http:\/\/zalamo.com\/session\/index\/psuid\/99fbdab6-f2f9-11ed-9fa3-0cc47a739430-99fbdad1-f2f9-11ed-9fa3-0cc47a739430%20\" rel=\"nofollow\"><span >Galeria<\/span><\/a>\t\t<\/div>\r\n\r\n\t\t\t\t\t<\/div>\n\t\t\t\t<\/div>\n\t\t\t\t\t<\/div>\n\t\t<\/div>\n\t\t\t\t\t<\/div>\n\t\t<\/section>\n\t\t\t\t<\/div>\n\t\t","protected":false},"excerpt":{"rendered":"<p>Bardzo dzi\u0119kuje. By\u0142o mi bardzo mi\u0142o sp\u0119dzi\u0107 ten wyj\u0105tkowy czas z Pa\u0144stwem. Zapraszam do pobrania zdj\u0119\u0107 z &gt;galerii&lt;. S\u0105 one udost\u0119pnione do 31.07.2023 bardzo polecam \u015bci\u0105gn\u0105\u0107 wszystkie wybrane rzez Pa\u0144stwa pliki. Niezale\u017cnie od ilo\u015bci zdj\u0119\u0107 s\u0105 one bezp\u0142atne. Mo\u017cna r\u00f3wnie\u017c za pomoc\u0105 programu zam\u00f3wi\u0107 odbitki zdj\u0119\u0107 (p\u0142atne jedynie za wydruk) do odbioru w BM Foto.&hellip;&nbsp;<a href=\"http:\/\/gwiszcz.pl\/karolina\/mmkomunia\/\" class=\"\" rel=\"bookmark\">Dowiedz si\u0119 wi\u0119cej &raquo;<span class=\"screen-reader-text\">MMKomunia<\/span><\/a><\/p>\n","protected":false},"author":1,"featured_media":0,"parent":0,"menu_order":0,"comment_status":"closed","ping_status":"closed","template":"","meta":{"neve_meta_sidebar":"","neve_meta_container":"","neve_meta_enable_content_width":"","neve_meta_content_width":0,"neve_meta_title_alignment":"","neve_meta_author_avatar":"","neve_post_elements_order":"","neve_meta_disable_header":"","neve_meta_disable_footer":"","neve_meta_disable_title":"","footnotes":""},"class_list":["post-943","page","type-page","status-publish","hentry"],"yoast_head":"<!-- This site is optimized with the Yoast SEO plugin v26.6 - https:\/\/yoast.com\/wordpress\/plugins\/seo\/ -->\n<title>MMKomunia - Karolina Gwiszcz<\/title>\n<meta name=\"robots\" content=\"index, follow, max-snippet:-1, max-image-preview:large, max-video-preview:-1\" \/>\n<link rel=\"canonical\" href=\"http:\/\/gwiszcz.pl\/karolina\/mmkomunia\/\" \/>\n<meta property=\"og:locale\" content=\"pl_PL\" \/>\n<meta property=\"og:type\" content=\"article\" \/>\n<meta property=\"og:title\" content=\"MMKomunia - Karolina Gwiszcz\" \/>\n<meta property=\"og:description\" content=\"Bardzo dzi\u0119kuje. By\u0142o mi bardzo mi\u0142o sp\u0119dzi\u0107 ten wyj\u0105tkowy czas z Pa\u0144stwem. Zapraszam do pobrania zdj\u0119\u0107 z &gt;galerii&lt;. S\u0105 one udost\u0119pnione do 31.07.2023 bardzo polecam \u015bci\u0105gn\u0105\u0107 wszystkie wybrane rzez Pa\u0144stwa pliki. Niezale\u017cnie od ilo\u015bci zdj\u0119\u0107 s\u0105 one bezp\u0142atne. Mo\u017cna r\u00f3wnie\u017c za pomoc\u0105 programu zam\u00f3wi\u0107 odbitki zdj\u0119\u0107 (p\u0142atne jedynie za wydruk) do odbioru w BM Foto.&hellip;&nbsp;Dowiedz si\u0119 wi\u0119cej &raquo;MMKomunia\" \/>\n<meta property=\"og:url\" content=\"http:\/\/gwiszcz.pl\/karolina\/mmkomunia\/\" \/>\n<meta property=\"og:site_name\" content=\"Karolina Gwiszcz\" \/>\n<meta property=\"article:modified_time\" content=\"2023-05-15T19:58:50+00:00\" \/>\n<meta name=\"twitter:card\" content=\"summary_large_image\" \/>\n<meta name=\"twitter:label1\" content=\"Szacowany czas czytania\" \/>\n\t<meta name=\"twitter:data1\" content=\"1 minuta\" \/>\n<script type=\"application\/ld+json\" class=\"yoast-schema-graph\">{\"@context\":\"https:\/\/schema.org\",\"@graph\":[{\"@type\":\"WebPage\",\"@id\":\"http:\/\/gwiszcz.pl\/karolina\/mmkomunia\/\",\"url\":\"http:\/\/gwiszcz.pl\/karolina\/mmkomunia\/\",\"name\":\"MMKomunia - Karolina Gwiszcz\",\"isPartOf\":{\"@id\":\"http:\/\/gwiszcz.pl\/karolina\/#website\"},\"datePublished\":\"2023-05-15T19:52:41+00:00\",\"dateModified\":\"2023-05-15T19:58:50+00:00\",\"breadcrumb\":{\"@id\":\"http:\/\/gwiszcz.pl\/karolina\/mmkomunia\/#breadcrumb\"},\"inLanguage\":\"pl-PL\",\"potentialAction\":[{\"@type\":\"ReadAction\",\"target\":[\"http:\/\/gwiszcz.pl\/karolina\/mmkomunia\/\"]}]},{\"@type\":\"BreadcrumbList\",\"@id\":\"http:\/\/gwiszcz.pl\/karolina\/mmkomunia\/#breadcrumb\",\"itemListElement\":[{\"@type\":\"ListItem\",\"position\":1,\"name\":\"Strona g\u0142\u00f3wna\",\"item\":\"http:\/\/gwiszcz.pl\/karolina\/\"},{\"@type\":\"ListItem\",\"position\":2,\"name\":\"MMKomunia\"}]},{\"@type\":\"WebSite\",\"@id\":\"http:\/\/gwiszcz.pl\/karolina\/#website\",\"url\":\"http:\/\/gwiszcz.pl\/karolina\/\",\"name\":\"Karolina Gwiszcz\",\"description\":\"Fotografuje bo jest cudnie!\",\"publisher\":{\"@id\":\"http:\/\/gwiszcz.pl\/karolina\/#organization\"},\"potentialAction\":[{\"@type\":\"SearchAction\",\"target\":{\"@type\":\"EntryPoint\",\"urlTemplate\":\"http:\/\/gwiszcz.pl\/karolina\/?s={search_term_string}\"},\"query-input\":{\"@type\":\"PropertyValueSpecification\",\"valueRequired\":true,\"valueName\":\"search_term_string\"}}],\"inLanguage\":\"pl-PL\"},{\"@type\":\"Organization\",\"@id\":\"http:\/\/gwiszcz.pl\/karolina\/#organization\",\"name\":\"Karolina Gwiszcz\",\"url\":\"http:\/\/gwiszcz.pl\/karolina\/\",\"logo\":{\"@type\":\"ImageObject\",\"inLanguage\":\"pl-PL\",\"@id\":\"http:\/\/gwiszcz.pl\/karolina\/#\/schema\/logo\/image\/\",\"url\":\"http:\/\/gwiszcz.pl\/karolina\/wp-content\/uploads\/2022\/03\/cropped-cropped-karolina_logo_kwadrat.png\",\"contentUrl\":\"http:\/\/gwiszcz.pl\/karolina\/wp-content\/uploads\/2022\/03\/cropped-cropped-karolina_logo_kwadrat.png\",\"width\":100,\"height\":100,\"caption\":\"Karolina Gwiszcz\"},\"image\":{\"@id\":\"http:\/\/gwiszcz.pl\/karolina\/#\/schema\/logo\/image\/\"}}]}<\/script>\n<!-- \/ Yoast SEO plugin. -->","yoast_head_json":{"title":"MMKomunia - Karolina Gwiszcz","robots":{"index":"index","follow":"follow","max-snippet":"max-snippet:-1","max-image-preview":"max-image-preview:large","max-video-preview":"max-video-preview:-1"},"canonical":"http:\/\/gwiszcz.pl\/karolina\/mmkomunia\/","og_locale":"pl_PL","og_type":"article","og_title":"MMKomunia - Karolina Gwiszcz","og_description":"Bardzo dzi\u0119kuje. By\u0142o mi bardzo mi\u0142o sp\u0119dzi\u0107 ten wyj\u0105tkowy czas z Pa\u0144stwem. Zapraszam do pobrania zdj\u0119\u0107 z &gt;galerii&lt;. S\u0105 one udost\u0119pnione do 31.07.2023 bardzo polecam \u015bci\u0105gn\u0105\u0107 wszystkie wybrane rzez Pa\u0144stwa pliki. Niezale\u017cnie od ilo\u015bci zdj\u0119\u0107 s\u0105 one bezp\u0142atne. Mo\u017cna r\u00f3wnie\u017c za pomoc\u0105 programu zam\u00f3wi\u0107 odbitki zdj\u0119\u0107 (p\u0142atne jedynie za wydruk) do odbioru w BM Foto.&hellip;&nbsp;Dowiedz si\u0119 wi\u0119cej &raquo;MMKomunia","og_url":"http:\/\/gwiszcz.pl\/karolina\/mmkomunia\/","og_site_name":"Karolina Gwiszcz","article_modified_time":"2023-05-15T19:58:50+00:00","twitter_card":"summary_large_image","twitter_misc":{"Szacowany czas czytania":"1 minuta"},"schema":{"@context":"https:\/\/schema.org","@graph":[{"@type":"WebPage","@id":"http:\/\/gwiszcz.pl\/karolina\/mmkomunia\/","url":"http:\/\/gwiszcz.pl\/karolina\/mmkomunia\/","name":"MMKomunia - Karolina Gwiszcz","isPartOf":{"@id":"http:\/\/gwiszcz.pl\/karolina\/#website"},"datePublished":"2023-05-15T19:52:41+00:00","dateModified":"2023-05-15T19:58:50+00:00","breadcrumb":{"@id":"http:\/\/gwiszcz.pl\/karolina\/mmkomunia\/#breadcrumb"},"inLanguage":"pl-PL","potentialAction":[{"@type":"ReadAction","target":["http:\/\/gwiszcz.pl\/karolina\/mmkomunia\/"]}]},{"@type":"BreadcrumbList","@id":"http:\/\/gwiszcz.pl\/karolina\/mmkomunia\/#breadcrumb","itemListElement":[{"@type":"ListItem","position":1,"name":"Strona g\u0142\u00f3wna","item":"http:\/\/gwiszcz.pl\/karolina\/"},{"@type":"ListItem","position":2,"name":"MMKomunia"}]},{"@type":"WebSite","@id":"http:\/\/gwiszcz.pl\/karolina\/#website","url":"http:\/\/gwiszcz.pl\/karolina\/","name":"Karolina Gwiszcz","description":"Fotografuje bo jest cudnie!","publisher":{"@id":"http:\/\/gwiszcz.pl\/karolina\/#organization"},"potentialAction":[{"@type":"SearchAction","target":{"@type":"EntryPoint","urlTemplate":"http:\/\/gwiszcz.pl\/karolina\/?s={search_term_string}"},"query-input":{"@type":"PropertyValueSpecification","valueRequired":true,"valueName":"search_term_string"}}],"inLanguage":"pl-PL"},{"@type":"Organization","@id":"http:\/\/gwiszcz.pl\/karolina\/#organization","name":"Karolina Gwiszcz","url":"http:\/\/gwiszcz.pl\/karolina\/","logo":{"@type":"ImageObject","inLanguage":"pl-PL","@id":"http:\/\/gwiszcz.pl\/karolina\/#\/schema\/logo\/image\/","url":"http:\/\/gwiszcz.pl\/karolina\/wp-content\/uploads\/2022\/03\/cropped-cropped-karolina_logo_kwadrat.png","contentUrl":"http:\/\/gwiszcz.pl\/karolina\/wp-content\/uploads\/2022\/03\/cropped-cropped-karolina_logo_kwadrat.png","width":100,"height":100,"caption":"Karolina Gwiszcz"},"image":{"@id":"http:\/\/gwiszcz.pl\/karolina\/#\/schema\/logo\/image\/"}}]}},"_links":{"self":[{"href":"http:\/\/gwiszcz.pl\/karolina\/wp-json\/wp\/v2\/pages\/943","targetHints":{"allow":["GET"]}}],"collection":[{"href":"http:\/\/gwiszcz.pl\/karolina\/wp-json\/wp\/v2\/pages"}],"about":[{"href":"http:\/\/gwiszcz.pl\/karolina\/wp-json\/wp\/v2\/types\/page"}],"author":[{"embeddable":true,"href":"http:\/\/gwiszcz.pl\/karolina\/wp-json\/wp\/v2\/users\/1"}],"replies":[{"embeddable":true,"href":"http:\/\/gwiszcz.pl\/karolina\/wp-json\/wp\/v2\/comments?post=943"}],"version-history":[{"count":5,"href":"http:\/\/gwiszcz.pl\/karolina\/wp-json\/wp\/v2\/pages\/943\/revisions"}],"predecessor-version":[{"id":948,"href":"http:\/\/gwiszcz.pl\/karolina\/wp-json\/wp\/v2\/pages\/943\/revisions\/948"}],"wp:attachment":[{"href":"http:\/\/gwiszcz.pl\/karolina\/wp-json\/wp\/v2\/media?parent=943"}],"curies":[{"name":"wp","href":"https:\/\/api.w.org\/{rel}","templated":true}]}}